{"id":2919,"date":"2022-07-13T13:45:02","date_gmt":"2022-07-13T11:45:02","guid":{"rendered":"https:\/\/pomocna.koala.krakow.pl\/index.php\/bezplatne-zajecia\/"},"modified":"2025-02-27T13:47:59","modified_gmt":"2025-02-27T12:47:59","slug":"bezplatne-zajecia","status":"publish","type":"page","link":"https:\/\/pomocna.koala.krakow.pl\/uk\/bezplatne-zajecia\/","title":{"rendered":"\u0411\u0435\u0437\u043a\u043e\u0448\u0442\u043e\u0432\u043d\u0456 \u0437\u0430\u043d\u044f\u0442\u0442\u044f"},"content":{"rendered":"<p><div class=\"fusion-fullwidth fullwidth-box fusion-builder-row-1 fusion-flex-container nonhundred-percent-fullwidth non-hundred-percent-height-scrolling\" style=\"background-color: rgba(255,255,255,0);background-position: center center;background-repeat: no-repeat;border-width: 0px 0px 0px 0px;border-color:var(--awb-color4);border-style:solid;\" ><div class=\"fusion-builder-row fusion-row fusion-flex-align-items-center\" style=\"max-width:1365px;margin-left: calc(-5% \/ 2 );margin-right: calc(-5% \/ 2 );\"><div class=\"fusion-layout-column fusion_builder_column fusion-builder-column-0 fusion_builder_column_1_1 1_1 fusion-flex-column\"><div class=\"fusion-column-wrapper fusion-flex-justify-content-flex-start fusion-content-layout-column\" style=\"background-position:left top;background-repeat:no-repeat;-webkit-background-size:cover;-moz-background-size:cover;-o-background-size:cover;background-size:cover;padding: 0px 0px 0px 0px;\"><div class=\"fusion-builder-row fusion-builder-row-inner fusion-row fusion-flex-align-items-center\" style=\"width:105% !important;max-width:105% !important;margin-left: calc(-5% \/ 2 );margin-right: calc(-5% \/ 2 );\"><div class=\"fusion-layout-column fusion_builder_column_inner fusion-builder-nested-column-0 fusion_builder_column_inner_1_2 1_2 fusion-flex-column fusion-flex-align-self-flex-start\"><div class=\"fusion-column-wrapper fusion-flex-justify-content-flex-start fusion-content-layout-column\" style=\"background-position:left top;background-repeat:no-repeat;-webkit-background-size:cover;-moz-background-size:cover;-o-background-size:cover;background-size:cover;padding: 0px 0px 0px 0px;\"><div class=\"fusion-text fusion-text-1\"><\/div><\/div><style type=\"text\/css\">.fusion-body .fusion-builder-nested-column-0{width:50% !important;margin-top : 0px;margin-bottom : 20px;}.fusion-builder-nested-column-0 > .fusion-column-wrapper {padding-top : 0px !important;padding-right : 0px !important;margin-right : 4.75%;padding-bottom : 0px !important;padding-left : 0px !important;margin-left : 4.75%;}@media only screen and (max-width:1177px) {.fusion-body .fusion-builder-nested-column-0{width:50% !important;order : 0;}.fusion-builder-nested-column-0 > .fusion-column-wrapper {margin-right : 4.75%;margin-left : 4.75%;}}@media only screen and (max-width:700px) {.fusion-body .fusion-builder-nested-column-0{width:100% !important;order : 0;}.fusion-builder-nested-column-0 > .fusion-column-wrapper {margin-right : 2.375%;margin-left : 2.375%;}}<\/style><\/div><div class=\"fusion-layout-column fusion_builder_column_inner fusion-builder-nested-column-1 fusion_builder_column_inner_1_2 1_2 fusion-flex-column fusion-flex-align-self-flex-start\"><div class=\"fusion-column-wrapper fusion-flex-justify-content-flex-start fusion-content-layout-column\" style=\"background-position:left top;background-repeat:no-repeat;-webkit-background-size:cover;-moz-background-size:cover;-o-background-size:cover;background-size:cover;padding: 0px 0px 0px 0px;\"><style type=\"text\/css\">@media only screen and (max-width:1177px) {.fusion-title.fusion-title-1{margin-top:10px!important; margin-right:0px!important;margin-bottom:15px!important;margin-left:0px!important;}}@media only screen and (max-width:700px) {.fusion-title.fusion-title-1{margin-top:10px!important; margin-right:0px!important;margin-bottom:10px!important; margin-left:0px!important;}}<\/style><div class=\"fusion-title title fusion-title-1 fusion-sep-none fusion-title-center fusion-title-text fusion-title-size-one\" style=\"font-size:var(--awb-typography3-font-size);margin-top:10px;margin-right:0px;margin-bottom:15px;margin-left:0px;\"><h1 class=\"title-heading-center\" style=\"margin:0;font-size:1em;\"><h2 style=\"text-align: center;\"><strong>\u041a\u0443\u0440\u0441 \u043f\u0456\u0434\u0433\u043e\u0442\u043e\u0432\u043a\u0438 \u0434\u043e \u043f\u043e\u043b\u043e\u0433\u0456\u0432 <\/strong><strong>\u0456 <\/strong><strong>\u0432<\/strong>\u043e\u0440\u043a\u0448\u043e\u043f<strong>\u0438<\/strong><\/h2><\/h1><\/div><style type=\"text\/css\">@media only screen and (max-width:1177px) {.fusion-title.fusion-title-2{margin-top:10px!important; margin-right:0px!important;margin-bottom:15px!important;margin-left:0px!important;}}@media only screen and (max-width:700px) {.fusion-title.fusion-title-2{margin-top:10px!important; margin-right:0px!important;margin-bottom:10px!important; margin-left:0px!important;}}<\/style><div class=\"fusion-title title fusion-title-2 fusion-sep-none fusion-title-center fusion-title-text fusion-title-size-one\" style=\"font-size:var(--awb-typography3-font-size);margin-top:10px;margin-right:0px;margin-bottom:15px;margin-left:0px;\"><h1 class=\"title-heading-center\" style=\"margin:0;font-size:1em;\"><\/h1><\/div><div class=\"fusion-text fusion-text-2\"><p>\u0420\u043e\u0437\u043a\u043b\u0430\u0434 \u0437\u0430\u043d\u044f\u0442\u044c \u0448\u043a\u043e\u043b\u0438 \u043f\u0456\u0434\u0433\u043e\u0442\u043e\u0432\u043a\u0438 \u0434\u043e \u043f\u043e\u043b\u043e\u0433\u0456\u0432 \u0432 \u0442\u0430\u0431\u043b\u0438\u0446\u0456 \u043d\u0438\u0436\u0447\u0435<\/p>\n<p style=\"text-align: center;\">\u00a0<\/p>\n<\/div><\/div><style type=\"text\/css\">.fusion-body .fusion-builder-nested-column-1{width:50% !important;margin-top : 0px;margin-bottom : 20px;}.fusion-builder-nested-column-1 > .fusion-column-wrapper {padding-top : 0px !important;padding-right : 0px !important;margin-right : 4.75%;padding-bottom : 0px !important;padding-left : 0px !important;margin-left : 4.75%;}@media only screen and (max-width:1177px) {.fusion-body .fusion-builder-nested-column-1{width:50% !important;order : 0;}.fusion-builder-nested-column-1 > .fusion-column-wrapper {margin-right : 4.75%;margin-left : 4.75%;}}@media only screen and (max-width:700px) {.fusion-body .fusion-builder-nested-column-1{width:100% !important;order : 0;}.fusion-builder-nested-column-1 > .fusion-column-wrapper {margin-right : 2.375%;margin-left : 2.375%;}}<\/style><\/div><\/div>\n<div class=\"table-1\">\n<table width=\"100%\">\n<thead>\n<tr>\n<th align=\"left\">\u0414\u0430\u0442\u0430<\/th>\n<th align=\"left\">\u0414\u0435\u043d\u044c<\/th>\n<th align=\"left\">\u0427\u0430\u0441<\/th>\n<th align=\"left\">\u0422\u0435\u043c\u0430 \u0437\u0430\u043d\u044f\u0442\u0442\u044f<\/th>\n<th align=\"left\">\u0422\u0440\u0435\u043d\u0435\u0440<\/th>\n<\/tr>\n<\/thead>\n<tbody>\n<tr>\n<td align=\"left\">27.02<\/td>\n<td align=\"left\">\u0427\u0435<span data-sheets-root=\"1\" data-sheets-value=\"{\" data-sheets-userformat=\"{\">\u0442<\/span><span data-sheets-root=\"1\" data-sheets-value=\"{\" data-sheets-userformat=\"{\">\u0432\u0435\u0440&nbsp;<\/span><\/td>\n<td align=\"left\">14.00-17.00<\/td>\n<td align=\"left\"><span data-sheets-root=\"1\" data-sheets-value=\"{\" data-sheets-userformat=\"{\">\u0424\u0456\u0437\u0456\u043e\u043b\u043e\u0433\u0456\u044f \u0456 \u043f\u0441\u0438\u0445\u043e\u043b\u043e\u0433\u0456\u044f \u043f\u043e\u043b\u043e\u0433\u0456\u0432, \u043c\u043e\u0436\u043b\u0438\u0432\u0456 \u0441\u0446\u0435\u043d\u0430\u0440\u0456\u0457 \u0442\u0430 \u0432\u0430\u0440\u0456\u0430\u043d\u0442\u0438 \u043d\u043e\u0440\u043c\u0438<\/span><\/td>\n<td align=\"left\"><span data-sheets-value=\"{\" data-sheets-userformat=\"{\">\u0414\u043e\u0443\u043b\u0430 \u0406\u0440\u0438\u043d\u0430 \u041c\u0430\u0447\u0443\u043b\u0456\u043d\u0430<\/span><\/td>\n<\/tr>\n<tr>\n<td align=\"left\">12.03<\/td>\n<td align=\"left\">\u0427\u0435<span data-sheets-root=\"1\" data-sheets-value=\"{\" data-sheets-userformat=\"{\">\u0442<\/span><span data-sheets-root=\"1\" data-sheets-value=\"{\" data-sheets-userformat=\"{\">\u0432\u0435\u0440&nbsp;<\/span><\/td>\n<td align=\"left\">14.00-17.00<\/td>\n<td align=\"left\">\u0413\u0440\u0443\u0434\u043d\u0435 \u0432\u0438\u0433\u043e\u0434\u043e\u0432\u0443\u0432\u0430\u043d\u043d\u044f i \u0434\u043e\u0433\u043b\u044f\u0434 \u0437\u0430 \u043d\u043e\u0432\u043e\u043d\u0430\u0440\u043e\u0434\u0436\u0435\u043d<span data-sheets-root=\"1\" data-sheets-value=\"{\" data-sheets-userformat=\"{\">\u0438\u043c<\/span><\/td>\n<td align=\"left\"><span data-sheets-value=\"{\" data-sheets-userformat=\"{\">\u041a\u043e\u043d\u0441\u0443\u043b\u044c\u0442\u0430\u043d\u0442 \u0437 \u043b\u0430\u043a\u0442\u0430\u0446\u0456\u0457 i \u0434\u043e\u0433\u043b\u044f\u0434\u0443 \u0437\u0430 \u043d\u043e\u0432\u043e\u043d\u0430\u0440\u043e\u0434\u0436\u0435\u043d\u0438\u043c \u0414\u0430\u0440\u0456\u044f \u0411\u0430\u0431\u043a\u043e<\/span><\/td>\n<\/tr>\n<tr>\n<td align=\"left\">13.03<\/td>\n<td align=\"left\">\n<p>\u041f\u2019\u044f\u0442\u043d\u0438\u0446\u044f<\/p>\n<\/td>\n<td align=\"left\">14.00-17.00<\/td>\n<td align=\"left\">\u041f\u043e\u043b\u043e\u0433\u0438 \u0432 \u041f\u043e\u043b\u044c\u0449\u0456 \u0442\u0430 \u0432 \u041a\u0440\u0430\u043a\u043e\u0432\u0456 &#8211; \u043f\u0440\u043e \u043b\u0456\u043a\u0430\u0440\u043d\u0456, \u043c\u043e\u0436\u043b\u0438\u0432\u043e\u0441\u0442\u0456, \u043e\u0441\u043e\u0431\u043b\u0438\u0432\u043e\u0441\u0442\u0456 \u0456 \u043f\u0440\u0430\u0432\u0430<\/td>\n<td align=\"left\"><span data-sheets-value=\"{\" data-sheets-userformat=\"{\">\u0414\u043e\u0443\u043b\u0430 \u0410\u0441\u044f \u041a\u0430\u0440\u0456\u043c\u043e\u0432\u0430 <\/span><\/td>\n<\/tr>\n<tr>\n<td align=\"left\">26.03<\/td>\n<td align=\"left\">\u0427\u0435<span data-sheets-root=\"1\" data-sheets-value=\"{\" data-sheets-userformat=\"{\">\u0442<\/span><span data-sheets-root=\"1\" data-sheets-value=\"{\" data-sheets-userformat=\"{\">\u0432\u0435\u0440&nbsp;<\/span><\/td>\n<td align=\"left\">14.00-17.00<\/td>\n<td align=\"left\">\u041f\u0435\u0440\u0435\u0431\u0443\u0432\u0430\u043d\u043d\u044f \u0432 \u043f\u0456\u0441\u043b\u044f\u043f\u043e\u043b\u043e\u0433\u043e\u0432\u043e\u043c\u0443 \u0432\u0456\u0434\u0434\u0456\u043b\u0435\u043d\u043d\u0456: \u043f\u0440\u0430\u0432\u0438\u043b\u0430, \u0444\u043e\u0440\u043c\u0430\u043b\u044c\u043d\u043e\u0441\u0442\u0456, \u0432\u0438\u0434\u0438 \u043e\u043f\u0456\u043a\u0438<\/td>\n<td align=\"left\"><span data-sheets-value=\"{\" data-sheets-userformat=\"{\">\u041a\u043e\u043d\u0441\u0443\u043b\u044c\u0442\u0430\u043d\u0442 \u0437 \u043b\u0430\u043a\u0442\u0430\u0446\u0456\u0457, \u043c\u0435\u0434\u0441\u0435\u0441\u0442\u0440\u0430 \u041e\u043b\u044c\u0433\u0430 \u0421\u0442\u0435\u0446\u044e\u043a<\/span><\/td>\n<\/tr>\n<tr>\n<td align=\"left\">27.03<\/td>\n<td align=\"left\">\u041f\u2019\u044f\u0442\u043d\u0438\u0446\u044f<\/td>\n<td align=\"left\">14.00-17.00<\/td>\n<td align=\"left\">\u041e\u0441\u043d\u043e\u0432\u0438 \u043f\u0456\u0441\u043b\u044f\u043f\u043e\u043b\u043e\u0433\u043e\u0432\u043e\u0433\u043e \u0432\u0456\u0434\u043d\u043e\u0432\u043b\u0435\u043d\u043d\u044f&nbsp;<\/td>\n<td align=\"left\">\u0422\u0440\u0435\u043d\u0435\u0440\u043a\u0430 \u0439\u043e\u0433\u0438 \u0421\u0432\u0456\u0442\u043b\u0430\u043d\u0430 \u0417\u043e\u043b\u043e\u0442\u0430\u0440\u044c\u043e\u0432\u0430<\/td>\n<\/tr>\n<\/tbody>\n<\/table>\n<p>&nbsp;<\/p>\n<\/div>\n<div class=\"fusion-builder-row fusion-builder-row-inner fusion-row fusion-flex-align-items-center\" style=\"width:105% !important;max-width:105% !important;margin-left: calc(-5% \/ 2 );margin-right: calc(-5% \/ 2 );\"><div class=\"fusion-layout-column fusion_builder_column_inner fusion-builder-nested-column-2 fusion_builder_column_inner_1_2 1_2 fusion-flex-column\"><div class=\"fusion-column-wrapper fusion-flex-justify-content-flex-start fusion-content-layout-column\" style=\"background-position:left top;background-repeat:no-repeat;-webkit-background-size:cover;-moz-background-size:cover;-o-background-size:cover;background-size:cover;padding: 0px 0px 0px 0px;\"><style type=\"text\/css\">@media only screen and (max-width:1177px) {.fusion-title.fusion-title-3{margin-top:10px!important; margin-right:0px!important;margin-bottom:15px!important;margin-left:0px!important;}}@media only screen and (max-width:700px) {.fusion-title.fusion-title-3{margin-top:10px!important; margin-right:0px!important;margin-bottom:10px!important; margin-left:0px!important;}}<\/style><div class=\"fusion-title title fusion-title-3 fusion-sep-none fusion-title-center fusion-title-text fusion-title-size-one\" style=\"font-size:var(--awb-typography3-font-size);margin-top:10px;margin-right:0px;margin-bottom:15px;margin-left:0px;\"><h1 class=\"title-heading-center\" style=\"margin:0;font-size:1em;\"><h3 style=\"text-align: center;\">\u0417\u0430\u043f\u0438\u0441 \u043d\u0430 \u0448\u043a\u043e\u043b\u0443 \u043f\u0456\u0434\u0433\u043e\u0442\u043e\u0432\u043a\u0438 \u0434\u043e \u043f\u043e\u043b\u043e\u0433\u0456\u0432 \u0442\u0430 \u0432\u043e\u0440\u043a\u0448\u043e\u043f\u0438<\/h3>\n<p>*\u0432\u0456\u0434\u043f\u043e\u0432\u0456\u0434\u0456 \u0447\u0435\u043a\u0430\u0442\u0438 \u043d\u0435 \u043f\u043e\u0442\u0440\u0456\u0431\u043d\u043e &#8211; \u0437\u0430\u043f\u043e\u0432\u043d\u044e\u0439 \u0444\u043e\u0440\u043c\u0443 \u0456 \u043f\u0440\u0438\u0445\u043e\u0434\u044c!<\/p><\/h1><\/div><div class=\"wpforms-container wpforms-container-full\" id=\"wpforms-2822\"><form id=\"wpforms-form-2822\" class=\"wpforms-validate wpforms-form\" data-formid=\"2822\" method=\"post\" enctype=\"multipart\/form-data\" action=\"\/uk\/wp-json\/wp\/v2\/pages\/2919\" data-token=\"f5e78082adaec37af8a865825a7e519a\"><noscript class=\"wpforms-error-noscript\">Please enable JavaScript in your browser to complete this form.<\/noscript><div class=\"wpforms-field-container\"><div id=\"wpforms-2822-field_3-container\" class=\"wpforms-field wpforms-field-name\" data-field-id=\"3\"><label class=\"wpforms-field-label\" for=\"wpforms-2822-field_3\">Imi\u0119 i nazwisko <span class=\"wpforms-required-label\">*<\/span><\/label><input type=\"text\" id=\"wpforms-2822-field_3\" class=\"wpforms-field-medium wpforms-field-required\" name=\"wpforms[fields][3]\" required><\/div><div id=\"wpforms-2822-field_4-container\" class=\"wpforms-field wpforms-field-phone\" data-field-id=\"4\"><label class=\"wpforms-field-label\" for=\"wpforms-2822-field_4\">Telefon kontaktowy <span class=\"wpforms-required-label\">*<\/span><\/label><input type=\"tel\" id=\"wpforms-2822-field_4\" class=\"wpforms-field-medium wpforms-field-required wpforms-smart-phone-field\" data-rule-smart-phone-field=\"true\" name=\"wpforms[fields][4]\" required><\/div><div id=\"wpforms-2822-field_0-container\" class=\"wpforms-field wpforms-field-email\" data-field-id=\"0\"><label class=\"wpforms-field-label\" for=\"wpforms-2822-field_0\">Email <span class=\"wpforms-required-label\">*<\/span><\/label><input type=\"email\" id=\"wpforms-2822-field_0\" class=\"wpforms-field-medium wpforms-field-required\" name=\"wpforms[fields][0]\" required><\/div><div id=\"wpforms-2822-field_1-container\" class=\"wpforms-field wpforms-field-select wpforms-field-select-style-classic\" data-field-id=\"1\"><label class=\"wpforms-field-label\" for=\"wpforms-2822-field_1\">Rodzaj zaj\u0119\u0107 <span class=\"wpforms-required-label\">*<\/span><\/label><select id=\"wpforms-2822-field_1\" class=\"wpforms-field-medium wpforms-field-required\" name=\"wpforms[fields][1]\" required=\"required\"><option value=\"Przygotowanie do porodu \" >Przygotowanie do porodu <\/option><option value=\"Oddech w porodzie\" >Oddech w porodzie<\/option><option value=\"Spotkanie z psychologiem\" >Spotkanie z psychologiem<\/option><option value=\"Karmimy mi\u0142o\u015bci\u0105 od urodzenia - karmienie piersi\u0105.\" >Karmimy mi\u0142o\u015bci\u0105 od urodzenia - karmienie piersi\u0105.<\/option><option value=\"Piel\u0119gnacja noworodka\" >Piel\u0119gnacja noworodka<\/option><option value=\"Po\u0142\u00f3g - czego mog\u0119 si\u0119 spodziewa\u0107 i jak o siebie zadba\u0107\" >Po\u0142\u00f3g - czego mog\u0119 si\u0119 spodziewa\u0107 i jak o siebie zadba\u0107<\/option><option value=\"Noszenie w chu\u015bcie\" >Noszenie w chu\u015bcie<\/option><\/select><\/div><\/div><div class=\"wpforms-submit-container\"><input type=\"hidden\" name=\"wpforms[id]\" value=\"2822\"><input type=\"hidden\" name=\"wpforms[author]\" value=\"1\"><button type=\"submit\" name=\"wpforms[submit]\" id=\"wpforms-submit-2822\" class=\"wpforms-submit\" aria-live=\"assertive\" value=\"wpforms-submit\">Zapisz<\/button><\/div><\/form><\/div>  <!-- .wpforms-container --><\/div><style type=\"text\/css\">.fusion-body .fusion-builder-nested-column-2{width:50% !important;margin-top : 0px;margin-bottom : 20px;}.fusion-builder-nested-column-2 > .fusion-column-wrapper {padding-top : 0px !important;padding-right : 0px !important;margin-right : 4.75%;padding-bottom : 0px !important;padding-left : 0px !important;margin-left : 4.75%;}@media only screen and (max-width:1177px) {.fusion-body .fusion-builder-nested-column-2{width:50% !important;order : 0;}.fusion-builder-nested-column-2 > .fusion-column-wrapper {margin-right : 4.75%;margin-left : 4.75%;}}@media only screen and (max-width:700px) {.fusion-body .fusion-builder-nested-column-2{width:100% !important;order : 0;}.fusion-builder-nested-column-2 > .fusion-column-wrapper {margin-right : 2.375%;margin-left : 2.375%;}}<\/style><\/div><div class=\"fusion-layout-column fusion_builder_column_inner fusion-builder-nested-column-3 fusion_builder_column_inner_1_3 1_3 fusion-flex-column\"><div class=\"fusion-column-wrapper fusion-flex-justify-content-flex-start fusion-content-layout-column\" style=\"background-position:left top;background-repeat:no-repeat;-webkit-background-size:cover;-moz-background-size:cover;-o-background-size:cover;background-size:cover;padding: 0px 0px 0px 0px;\"><\/div><style type=\"text\/css\">.fusion-body .fusion-builder-nested-column-3{width:33.333333333333% !important;margin-top : 0px;margin-bottom : 20px;}.fusion-builder-nested-column-3 > .fusion-column-wrapper {padding-top : 0px !important;padding-right : 0px !important;margin-right : 7.125%;padding-bottom : 0px !important;padding-left : 0px !important;margin-left : 7.125%;}@media only screen and (max-width:1177px) {.fusion-body .fusion-builder-nested-column-3{width:33.333333333333% !important;order : 0;}.fusion-builder-nested-column-3 > .fusion-column-wrapper {margin-right : 7.125%;margin-left : 7.125%;}}@media only screen and (max-width:700px) {.fusion-body .fusion-builder-nested-column-3{width:100% !important;order : 0;}.fusion-builder-nested-column-3 > .fusion-column-wrapper {margin-right : 2.375%;margin-left : 2.375%;}}<\/style><\/div><\/div><div style=\"text-align:center;\"><style>.fusion-imageframe.imageframe-1{ margin-top : 30px;}<\/style><span class=\" fusion-imageframe imageframe-none imageframe-1 hover-type-none\" style=\"border:30px solid var(--awb-color4);\"><img decoding=\"async\" width=\"300\" height=\"218\" title=\"8829-440&#215;320\" src=\"https:\/\/pomocna.koala.krakow.pl\/wp-content\/uploads\/2022\/07\/8829-440x320-1.jpg\" data-orig-src=\"https:\/\/pomocna.koala.krakow.pl\/wp-content\/uploads\/2022\/07\/8829-440x320-1-300x218.jpg\" alt class=\"lazyload img-responsive wp-image-2931\" srcset=\"data:image\/svg+xml,%3Csvg%20xmlns%3D%27http%3A%2F%2Fwww.w3.org%2F2000%2Fsvg%27%20width%3D%27440%27%20height%3D%27320%27%20viewBox%3D%270%200%20440%20320%27%3E%3Crect%20width%3D%27440%27%20height%3D%27320%27%20fill-opacity%3D%220%22%2F%3E%3C%2Fsvg%3E\" data-srcset=\"https:\/\/pomocna.koala.krakow.pl\/wp-content\/uploads\/2022\/07\/8829-440x320-1-200x145.jpg 200w, https:\/\/pomocna.koala.krakow.pl\/wp-content\/uploads\/2022\/07\/8829-440x320-1-400x291.jpg 400w, https:\/\/pomocna.koala.krakow.pl\/wp-content\/uploads\/2022\/07\/8829-440x320-1.jpg 440w\" data-sizes=\"auto\" data-orig-sizes=\"(max-width: 700px) 100vw, 300px\" \/><\/span><\/div><\/div><style type=\"text\/css\">.fusion-body .fusion-builder-column-0{width:100% !important;margin-top : 0px;margin-bottom : 0px;}.fusion-builder-column-0 > .fusion-column-wrapper {padding-top : 0 !important;padding-right : 0px !important;margin-right : 2.375%;padding-bottom : 0 !important;padding-left : 0px !important;margin-left : 2.375%;}@media only screen and (max-width:1177px) {.fusion-body .fusion-builder-column-0{width:100% !important;order : 0;}.fusion-builder-column-0 > .fusion-column-wrapper {margin-right : 2.375%;margin-left : 2.375%;}}@media only screen and (max-width:700px) {.fusion-body .fusion-builder-column-0{width:100% !important;order : 0;}.fusion-builder-column-0 > .fusion-column-wrapper {margin-right : 2.375%;margin-left : 2.375%;}}<\/style><\/div><\/div><style type=\"text\/css\">.fusion-body .fusion-flex-container.fusion-builder-row-1{ padding-top : 5%;margin-top : 0px;padding-right : 0px;padding-bottom : 3%;margin-bottom : 0px;padding-left : 0px;}<\/style><\/div><div class=\"fusion-fullwidth fullwidth-box fusion-builder-row-2 fusion-flex-container nonhundred-percent-fullwidth non-hundred-percent-height-scrolling\" style=\"background-color: #F2F2F2CF;background-position: center center;background-repeat: no-repeat;border-width: 0px 0px 0px 0px;border-color:var(--awb-color4);border-style:solid;\" ><div class=\"fusion-builder-row fusion-row fusion-flex-align-items-flex-start\" style=\"max-width:1365px;margin-left: calc(-5% \/ 2 );margin-right: calc(-5% \/ 2 );\"><div class=\"fusion-layout-column fusion_builder_column fusion-builder-column-1 fusion_builder_column_1_1 1_1 fusion-flex-column\"><div class=\"fusion-column-wrapper fusion-flex-justify-content-flex-start fusion-content-layout-column\" style=\"background-position:left top;background-repeat:no-repeat;-webkit-background-size:cover;-moz-background-size:cover;-o-background-size:cover;background-size:cover;padding: 5% 0px 5% 0px;\"><div class=\"fusion-text fusion-text-3\" style=\"text-align:center;\"><h2 style=\"text-align: center;\">Masz pytanie ?<\/h2>\n<\/div><div style=\"text-align:center;\"><style>.fusion-body .fusion-button.button-1{border-radius:5px 5px 5px 5px;padding-right:100px;padding-left:100px;}<\/style><a class=\"fusion-button button-flat fusion-button-default-size button-default button-1 fusion-button-default-span fusion-button-default-type\" target=\"_self\" href=\"https:\/\/pomocna.koala.krakow.pl\/index.php\/kontakt\/\"><span class=\"fusion-button-text\">Skontaktuj si\u0119 z nami<\/span><\/a><\/div><\/div><style type=\"text\/css\">.fusion-body .fusion-builder-column-1{width:100% !important;margin-top : 0px;margin-bottom : 20px;}.fusion-builder-column-1 > .fusion-column-wrapper {padding-top : 5% !important;padding-right : 0px !important;margin-right : 2.375%;padding-bottom : 5% !important;padding-left : 0px !important;margin-left : 2.375%;}@media only screen and (max-width:1177px) {.fusion-body .fusion-builder-column-1{width:100% !important;order : 0;}.fusion-builder-column-1 > .fusion-column-wrapper {margin-right : 2.375%;margin-left : 2.375%;}}@media only screen and (max-width:700px) {.fusion-body .fusion-builder-column-1{width:100% !important;order : 0;}.fusion-builder-column-1 > .fusion-column-wrapper {margin-right : 2.375%;margin-left : 2.375%;}}<\/style><\/div><\/div><style type=\"text\/css\">.fusion-body .fusion-flex-container.fusion-builder-row-2{ padding-top : 0%;margin-top : 0px;padding-right : 0px;padding-bottom : 0px;margin-bottom : 0px;padding-left : 0px;}<\/style><\/div>\n<\/p>\n","protected":false},"excerpt":{"rendered":"","protected":false},"author":1,"featured_media":0,"parent":0,"menu_order":0,"comment_status":"closed","ping_status":"closed","template":"","meta":{"footnotes":""},"class_list":["post-2919","page","type-page","status-publish","hentry"],"_links":{"self":[{"href":"https:\/\/pomocna.koala.krakow.pl\/uk\/wp-json\/wp\/v2\/pages\/2919","targetHints":{"allow":["GET"]}}],"collection":[{"href":"https:\/\/pomocna.koala.krakow.pl\/uk\/wp-json\/wp\/v2\/pages"}],"about":[{"href":"https:\/\/pomocna.koala.krakow.pl\/uk\/wp-json\/wp\/v2\/types\/page"}],"author":[{"embeddable":true,"href":"https:\/\/pomocna.koala.krakow.pl\/uk\/wp-json\/wp\/v2\/users\/1"}],"replies":[{"embeddable":true,"href":"https:\/\/pomocna.koala.krakow.pl\/uk\/wp-json\/wp\/v2\/comments?post=2919"}],"version-history":[{"count":98,"href":"https:\/\/pomocna.koala.krakow.pl\/uk\/wp-json\/wp\/v2\/pages\/2919\/revisions"}],"predecessor-version":[{"id":3735,"href":"https:\/\/pomocna.koala.krakow.pl\/uk\/wp-json\/wp\/v2\/pages\/2919\/revisions\/3735"}],"wp:attachment":[{"href":"https:\/\/pomocna.koala.krakow.pl\/uk\/wp-json\/wp\/v2\/media?parent=2919"}],"curies":[{"name":"wp","href":"https:\/\/api.w.org\/{rel}","templated":true}]}}