{"id":3123,"date":"2022-08-17T21:16:07","date_gmt":"2022-08-17T19:16:07","guid":{"rendered":"https:\/\/pomocna.koala.krakow.pl\/zamowienie-porady-laktacyjnej\/"},"modified":"2022-12-06T21:35:46","modified_gmt":"2022-12-06T20:35:46","slug":"zamowienie-porady-laktacyjnej","status":"publish","type":"page","link":"https:\/\/pomocna.koala.krakow.pl\/uk\/zamowienie-porady-laktacyjnej\/","title":{"rendered":"\u0417\u0430\u043c\u043e\u0432\u043b\u0435\u043d\u043d\u044f \u043a\u043e\u043d\u0441\u0443\u043b\u044c\u0442\u0430\u0446\u0456\u0457 \u0437 \u043b\u0430\u043a\u0442\u0430\u0446\u0456\u0457"},"content":{"rendered":"<div class=\"fusion-fullwidth fullwidth-box fusion-builder-row-1 fusion-flex-container nonhundred-percent-fullwidth non-hundred-percent-height-scrolling\" style=\"background-color: rgba(255,255,255,0);background-position: center center;background-repeat: no-repeat;border-width: 0px 0px 0px 0px;border-color:var(--awb-color4);border-style:solid;\" ><div class=\"fusion-builder-row fusion-row fusion-flex-align-items-flex-start\" style=\"max-width:1365px;margin-left: calc(-5% \/ 2 );margin-right: calc(-5% \/ 2 );\"><div class=\"fusion-layout-column fusion_builder_column fusion-builder-column-0 fusion_builder_column_1_2 1_2 fusion-flex-column\"><div class=\"fusion-column-wrapper fusion-flex-justify-content-flex-start fusion-content-layout-column\" style=\"background-position:left top;background-repeat:no-repeat;-webkit-background-size:cover;-moz-background-size:cover;-o-background-size:cover;background-size:cover;background-color:rgba(227,245,244,0.6);padding: 0px 0px 0px 0px;\"><div style=\"text-align:center;\"><span class=\" fusion-imageframe imageframe-none imageframe-1 hover-type-none\"><img decoding=\"async\" width=\"300\" height=\"225\" title=\"torba laktacyjna\" src=\"https:\/\/pomocna.koala.krakow.pl\/wp-content\/uploads\/2022\/07\/torba-laktacyjna.png\" data-orig-src=\"https:\/\/pomocna.koala.krakow.pl\/wp-content\/uploads\/2022\/07\/torba-laktacyjna-300x225.png\" alt class=\"lazyload img-responsive wp-image-3015\" srcset=\"data:image\/svg+xml,%3Csvg%20xmlns%3D%27http%3A%2F%2Fwww.w3.org%2F2000%2Fsvg%27%20width%3D%272048%27%20height%3D%271534%27%20viewBox%3D%270%200%202048%201534%27%3E%3Crect%20width%3D%272048%27%20height%3D%271534%27%20fill-opacity%3D%220%22%2F%3E%3C%2Fsvg%3E\" data-srcset=\"https:\/\/pomocna.koala.krakow.pl\/wp-content\/uploads\/2022\/07\/torba-laktacyjna-200x150.png 200w, https:\/\/pomocna.koala.krakow.pl\/wp-content\/uploads\/2022\/07\/torba-laktacyjna-400x300.png 400w, https:\/\/pomocna.koala.krakow.pl\/wp-content\/uploads\/2022\/07\/torba-laktacyjna-600x449.png 600w, https:\/\/pomocna.koala.krakow.pl\/wp-content\/uploads\/2022\/07\/torba-laktacyjna-800x599.png 800w, https:\/\/pomocna.koala.krakow.pl\/wp-content\/uploads\/2022\/07\/torba-laktacyjna-1200x899.png 1200w\" data-sizes=\"auto\" data-orig-sizes=\"(max-width: 700px) 100vw, 600px\" \/><\/span><\/div><div class=\"fusion-text fusion-text-1\" style=\"margin-right:2%;margin-left:2%;\"><p>\u041f\u043e\u0441\u043b\u0443\u0433\u0430 \u0432\u043a\u043b\u044e\u0447\u0430\u0454 \u0437\u0443\u0441\u0442\u0440\u0456\u0447 \u0437 \u043a\u043e\u043d\u0441\u0443\u043b\u044c\u0442\u0430\u043d\u0442\u043e\u043c \u0437 \u043b\u0430\u043a\u0442\u0430\u0446\u0456\u0457.<\/p>\n<\/div><\/div><style type=\"text\/css\">.fusion-body .fusion-builder-column-0{width:50% !important;margin-top : 0px;margin-bottom : 20px;}.fusion-builder-column-0 > .fusion-column-wrapper {padding-top : 0px !important;padding-right : 0px !important;margin-right : 4.75%;padding-bottom : 0px !important;padding-left : 0px !important;margin-left : 4.75%;}@media only screen and (max-width:1177px) {.fusion-body .fusion-builder-column-0{width:50% !important;order : 0;}.fusion-builder-column-0 > .fusion-column-wrapper {margin-right : 4.75%;margin-left : 4.75%;}}@media only screen and (max-width:700px) {.fusion-body .fusion-builder-column-0{width:100% !important;order : 0;}.fusion-builder-column-0 > .fusion-column-wrapper {margin-right : 2.375%;margin-left : 2.375%;}}<\/style><\/div><div class=\"fusion-layout-column fusion_builder_column fusion-builder-column-1 fusion_builder_column_1_2 1_2 fusion-flex-column\"><div class=\"fusion-column-wrapper fusion-flex-justify-content-flex-start fusion-content-layout-column\" style=\"background-position:left top;background-repeat:no-repeat;-webkit-background-size:cover;-moz-background-size:cover;-o-background-size:cover;background-size:cover;background-color:rgba(227,245,244,0.6);padding: 0px 2% 0px 2%;\"><div class=\"fusion-text fusion-text-2\"><h3>\u041f\u0440\u0438\u0437\u043d\u0430\u0447\u0430\u0442\u0438 \u0437\u0443\u0441\u0442\u0440\u0456\u0447<\/h3>\n<\/div><div class=\"fusion-text fusion-text-3\"><div class=\"wpforms-container wpforms-container-full\" id=\"wpforms-3108\"><form id=\"wpforms-form-3108\" class=\"wpforms-validate wpforms-form wpforms-ajax-form\" data-formid=\"3108\" method=\"post\" enctype=\"multipart\/form-data\" action=\"\/uk\/wp-json\/wp\/v2\/pages\/3123\" data-token=\"214df6f2f721d47e1885c96874bfa33b\"><noscript class=\"wpforms-error-noscript\">Please enable JavaScript in your browser to complete this form.<\/noscript><div class=\"wpforms-page-indicator connector\" data-indicator=\"connector\" data-indicator-color=\"#72b239\" data-scroll=\"1\"><div class=\"wpforms-page-indicator-page active wpforms-page-indicator-page-1\" style=\"width:50%;\"><span class=\"wpforms-page-indicator-page-number\" style=\"background-color:#72b239\">1<span class=\"wpforms-page-indicator-page-triangle\" style=\"border-top-color:#72b239\"><\/span><\/span><span class=\"wpforms-page-indicator-page-title\">Przedmioty kt\u00f3rych potrzebujesz<span><\/div><div class=\"wpforms-page-indicator-page  wpforms-page-indicator-page-2\" style=\"width:50%;\"><span class=\"wpforms-page-indicator-page-number\">2<span class=\"wpforms-page-indicator-page-triangle\"><\/span><\/span><span class=\"wpforms-page-indicator-page-title\">Podsumowanie<span><\/div><\/div><div class=\"wpforms-field-container\"><div class=\"wpforms-page wpforms-page-1 \"><div id=\"wpforms-3108-field_5-container\" class=\"wpforms-field wpforms-field-pagebreak\" data-field-id=\"5\"><\/div><div id=\"wpforms-3108-field_9-container\" class=\"wpforms-field wpforms-field-text wpforms-one-half wpforms-first\" data-field-id=\"9\"><label class=\"wpforms-field-label\" for=\"wpforms-3108-field_9\">Imi\u0119<\/label><input type=\"text\" id=\"wpforms-3108-field_9\" class=\"wpforms-field-large\" name=\"wpforms[fields][9]\" ><\/div><div id=\"wpforms-3108-field_10-container\" class=\"wpforms-field wpforms-field-text wpforms-one-half\" data-field-id=\"10\"><label class=\"wpforms-field-label\" for=\"wpforms-3108-field_10\">Nazwisko<\/label><input type=\"text\" id=\"wpforms-3108-field_10\" class=\"wpforms-field-large\" name=\"wpforms[fields][10]\" ><\/div><div id=\"wpforms-3108-field_12-container\" class=\"wpforms-field wpforms-field-email\" data-field-id=\"12\"><label class=\"wpforms-field-label\" for=\"wpforms-3108-field_12\">Adres email <span class=\"wpforms-required-label\">*<\/span><\/label><input type=\"email\" id=\"wpforms-3108-field_12\" class=\"wpforms-field-large wpforms-field-required\" name=\"wpforms[fields][12]\" required><\/div><div id=\"wpforms-3108-field_13-container\" class=\"wpforms-field wpforms-field-text\" data-field-id=\"13\"><label class=\"wpforms-field-label\" for=\"wpforms-3108-field_13\">Numer telefonu<\/label><input type=\"text\" id=\"wpforms-3108-field_13\" class=\"wpforms-field-large\" name=\"wpforms[fields][13]\" ><\/div><div id=\"wpforms-3108-field_16-container\" class=\"wpforms-field wpforms-field-textarea\" data-field-id=\"16\"><label class=\"wpforms-field-label\" for=\"wpforms-3108-field_16\">Dodatkowe uwagi<\/label><textarea id=\"wpforms-3108-field_16\" class=\"wpforms-field-large\" name=\"wpforms[fields][16]\" placeholder=\"Dodatkowe uwagi dotyczace zam\u00f3wienia, lub sposobu odbioru\" ><\/textarea><\/div><div id=\"wpforms-3108-field_18-container\" class=\"wpforms-field wpforms-field-pagebreak\" data-field-id=\"18\"><div class=\"wpforms-clear wpforms-pagebreak-left\"><button class=\"wpforms-page-button wpforms-page-next\" data-action=\"next\" data-page=\"1\" data-formid=\"3108\" disabled>Do przodu<\/button><\/div><\/div><\/div><div class=\"wpforms-page wpforms-page-2 last \" style=\"display:none;\"><div id=\"wpforms-3108-field_19-container\" class=\"wpforms-field wpforms-field-entry-preview\" data-field-id=\"19\"><div class=\"wpforms-entry-preview-updating-message\">Updating preview\u2026<\/div><div class=\"wpforms-entry-preview-notice\" style=\"display: none;\"><strong>Prosz\u0119 o weryfikacj\u0119 danych <\/strong><br \/>\r\nPrzed zatwierdzeniem zam\u00f3wienia prosz\u0119 o weryfikacj\u0119 danych podanych w formularzu<\/div><div class=\"wpforms-entry-preview-wrapper\" style=\"display: none;\"><\/div><\/div><div id=\"wpforms-3108-field_6-container\" class=\"wpforms-field wpforms-field-pagebreak\" data-field-id=\"6\"><div class=\"wpforms-clear wpforms-pagebreak-left\"><button class=\"wpforms-page-button wpforms-page-prev\" data-action=\"prev\" data-page=\"2\" data-formid=\"3108\" disabled>Wstecz<\/button><\/div><\/div><\/div><\/div><div class=\"wpforms-submit-container\" style=\"display:none;\"><input type=\"hidden\" name=\"wpforms[id]\" value=\"3108\"><input type=\"hidden\" name=\"wpforms[author]\" value=\"2\"><button type=\"submit\" name=\"wpforms[submit]\" id=\"wpforms-submit-3108\" class=\"wpforms-submit\" data-alt-text=\"Wysy\u0142am..\" data-submit-text=\"Zam\u00f3w\" aria-live=\"assertive\" value=\"wpforms-submit\">Zam\u00f3w<\/button><img decoding=\"async\" src=\"data:image\/svg+xml,%3Csvg%20xmlns%3D%27http%3A%2F%2Fwww.w3.org%2F2000%2Fsvg%27%20width%3D%2726%27%20height%3D%2726%27%20viewBox%3D%270%200%2026%2026%27%3E%3Crect%20width%3D%2726%27%20height%3D%2726%27%20fill-opacity%3D%220%22%2F%3E%3C%2Fsvg%3E\" data-orig-src=\"https:\/\/pomocna.koala.krakow.pl\/wp-content\/plugins\/wpforms\/assets\/images\/submit-spin.svg\" class=\"lazyload wpforms-submit-spinner\" style=\"display: none;\" width=\"26\" height=\"26\" alt=\"\"><\/div><\/form><\/div>  <!-- .wpforms-container -->\n<\/div><\/div><style type=\"text\/css\">.fusion-body .fusion-builder-column-1{width:50% !important;margin-top : 0px;margin-bottom : 20px;}.fusion-builder-column-1 > .fusion-column-wrapper {padding-top : 0px !important;padding-right : 2% !important;margin-right : 4.75%;padding-bottom : 0px !important;padding-left : 2% !important;margin-left : 4.75%;}@media only screen and (max-width:1177px) {.fusion-body .fusion-builder-column-1{width:50% !important;order : 0;}.fusion-builder-column-1 > .fusion-column-wrapper {margin-right : 4.75%;margin-left : 4.75%;}}@media only screen and (max-width:700px) {.fusion-body .fusion-builder-column-1{width:100% !important;order : 0;}.fusion-builder-column-1 > .fusion-column-wrapper {margin-right : 2.375%;margin-left : 2.375%;}}<\/style><\/div><\/div><style type=\"text\/css\">.fusion-body .fusion-flex-container.fusion-builder-row-1{ padding-top : 5%;margin-top : 0px;padding-right : 0px;padding-bottom : 0px;margin-bottom : 0px;padding-left : 0px;}<\/style><\/div>\n","protected":false},"excerpt":{"rendered":"","protected":false},"author":2,"featured_media":0,"parent":0,"menu_order":0,"comment_status":"closed","ping_status":"closed","template":"","meta":{"footnotes":""},"class_list":["post-3123","page","type-page","status-publish","hentry"],"_links":{"self":[{"href":"https:\/\/pomocna.koala.krakow.pl\/uk\/wp-json\/wp\/v2\/pages\/3123","targetHints":{"allow":["GET"]}}],"collection":[{"href":"https:\/\/pomocna.koala.krakow.pl\/uk\/wp-json\/wp\/v2\/pages"}],"about":[{"href":"https:\/\/pomocna.koala.krakow.pl\/uk\/wp-json\/wp\/v2\/types\/page"}],"author":[{"embeddable":true,"href":"https:\/\/pomocna.koala.krakow.pl\/uk\/wp-json\/wp\/v2\/users\/2"}],"replies":[{"embeddable":true,"href":"https:\/\/pomocna.koala.krakow.pl\/uk\/wp-json\/wp\/v2\/comments?post=3123"}],"version-history":[{"count":3,"href":"https:\/\/pomocna.koala.krakow.pl\/uk\/wp-json\/wp\/v2\/pages\/3123\/revisions"}],"predecessor-version":[{"id":3311,"href":"https:\/\/pomocna.koala.krakow.pl\/uk\/wp-json\/wp\/v2\/pages\/3123\/revisions\/3311"}],"wp:attachment":[{"href":"https:\/\/pomocna.koala.krakow.pl\/uk\/wp-json\/wp\/v2\/media?parent=3123"}],"curies":[{"name":"wp","href":"https:\/\/api.w.org\/{rel}","templated":true}]}}